{"id":135,"date":"2016-02-21T09:01:31","date_gmt":"2016-02-21T09:01:31","guid":{"rendered":"http:\/\/149.28.205.167\/wps\/monolit\/?page_id=135"},"modified":"2024-12-19T20:08:00","modified_gmt":"2024-12-19T19:08:00","slug":"nos-services","status":"publish","type":"page","link":"https:\/\/www.edifice.paris\/index.php\/nos-services\/","title":{"rendered":"Nos <strong>Services<\/strong>"},"content":{"rendered":"<p>[vc_row cth_layout=&#8221;monolit_page_sec&#8221;][vc_column offset=&#8221;vc_col-md-8&#8243;][vc_column_text css=&#8221;&#8221;]<\/p>\n<h2>Chez <strong>Edifice<\/strong>,<\/h2>\n<p>nous mettons notre savoir-faire et notre passion au service de vos projets de r\u00e9novation. Notre \u00e9quipe d&#8217;experts intervient dans tous les domaines pour transformer vos espaces avec pr\u00e9cision et cr\u00e9ativit\u00e9. D\u00e9couvrez nos principaux services :<\/p>\n<ul>\n<li><strong>R\u00e9novation int\u00e9rieure compl\u00e8te<\/strong> : Donnez une nouvelle vie \u00e0 votre maison ou appartement gr\u00e2ce \u00e0 des solutions personnalis\u00e9es et durables.<\/li>\n<li><strong>Travaux de peinture et rev\u00eatements<\/strong> : Sublimez vos murs et vos sols avec des finitions impeccables et des mat\u00e9riaux de qualit\u00e9.<\/li>\n<li><strong>Plomberie et \u00e9lectricit\u00e9<\/strong> : Modernisez vos installations pour plus de s\u00e9curit\u00e9, de confort et d&#8217;efficacit\u00e9 \u00e9nerg\u00e9tique.<\/li>\n<li><strong>Menuiserie sur mesure<\/strong> : Cr\u00e9ez des am\u00e9nagements uniques et fonctionnels qui refl\u00e8tent votre style.<\/li>\n<li><strong>Am\u00e9nagement et design d\u2019int\u00e9rieur<\/strong> : Optimisez vos espaces avec des solutions esth\u00e9tiques et pratiques adapt\u00e9es \u00e0 vos besoins.<\/li>\n<\/ul>\n<p>Chaque projet est pour nous une nouvelle opportunit\u00e9 d\u2019exceller et de r\u00e9pondre \u00e0 vos attentes les plus exigeantes. Faites confiance \u00e0 <strong>Edifice<\/strong> pour une r\u00e9novation qui allie expertise, respect des d\u00e9lais et finition haut de gamme.[\/vc_column_text][\/vc_column][vc_column][monolit_services count=&#8221;8&#8243; order_by=&#8221;ID&#8221; order=&#8221;ASC&#8221; thumbnail_cols=&#8221;three-cols&#8221; css=&#8221;.vc_custom_1734635283356{padding-left: 18px !important;}&#8221;][\/vc_column][\/vc_row]<\/p>\n","protected":false},"excerpt":{"rendered":"<p>[vc_row cth_layout=&#8221;monolit_page_sec&#8221;][vc_column offset=&#8221;vc_col-md-8&#8243;][vc_column_text css=&#8221;&#8221;] Chez Edifice, nous mettons notre savoir-faire et notre passion au service de vos projets de r\u00e9novation. Notre \u00e9quipe d&#8217;experts intervient dans tous les domaines pour transformer vos espaces avec pr\u00e9cision et cr\u00e9ativit\u00e9. D\u00e9couvrez nos principaux services : R\u00e9novation int\u00e9rieure compl\u00e8te : Donnez une nouvelle vie \u00e0 votre maison ou appartement gr\u00e2ce [&hellip;]<\/p>\n","protected":false},"author":1,"featured_media":0,"parent":0,"menu_order":0,"comment_status":"closed","ping_status":"closed","template":"page-fullwidth.php","meta":{"footnotes":""},"class_list":["post-135","page","type-page","status-publish","hentry"],"_links":{"self":[{"href":"https:\/\/www.edifice.paris\/index.php\/wp-json\/wp\/v2\/pages\/135","targetHints":{"allow":["GET"]}}],"collection":[{"href":"https:\/\/www.edifice.paris\/index.php\/wp-json\/wp\/v2\/pages"}],"about":[{"href":"https:\/\/www.edifice.paris\/index.php\/wp-json\/wp\/v2\/types\/page"}],"author":[{"embeddable":true,"href":"https:\/\/www.edifice.paris\/index.php\/wp-json\/wp\/v2\/users\/1"}],"replies":[{"embeddable":true,"href":"https:\/\/www.edifice.paris\/index.php\/wp-json\/wp\/v2\/comments?post=135"}],"version-history":[{"count":24,"href":"https:\/\/www.edifice.paris\/index.php\/wp-json\/wp\/v2\/pages\/135\/revisions"}],"predecessor-version":[{"id":928,"href":"https:\/\/www.edifice.paris\/index.php\/wp-json\/wp\/v2\/pages\/135\/revisions\/928"}],"wp:attachment":[{"href":"https:\/\/www.edifice.paris\/index.php\/wp-json\/wp\/v2\/media?parent=135"}],"curies":[{"name":"wp","href":"https:\/\/api.w.org\/{rel}","templated":true}]}}