{"id":172,"date":"2016-02-21T15:46:30","date_gmt":"2016-02-21T15:46:30","guid":{"rendered":"http:\/\/149.28.205.167\/wps\/monolit\/?page_id=172"},"modified":"2025-08-21T17:11:08","modified_gmt":"2025-08-21T15:11:08","slug":"nos-contacts","status":"publish","type":"page","link":"https:\/\/www.edifice.paris\/index.php\/nos-contacts\/","title":{"rendered":"Nos <strong>Contacts<\/strong>"},"content":{"rendered":"<p>[vc_row cth_layout=&#8221;monolit_page_sec&#8221;][vc_column offset=&#8221;vc_col-md-8&#8243;][vc_column_text css=&#8221;&#8221;]<\/p>\n<h2 class=\"section-title\">Ou nous <strong>trouver<\/strong><\/h2>\n<p>Vous avez un projet de r\u00e9novation ou des questions sur nos services ? Notre \u00e9quipe d\u2019experts est \u00e0 votre \u00e9coute pour vous accompagner \u00e0 chaque \u00e9tape.<\/p>\n<p>N\u2019h\u00e9sitez pas \u00e0 nous contacter pour discuter de vos besoins, obtenir un devis personnalis\u00e9, ou simplement en savoir plus sur nos solutions. Chez Edifice, chaque \u00e9change est une premi\u00e8re pierre pour b\u00e2tir vos r\u00eaves.[\/vc_column_text][\/vc_column][vc_column][monolit_gmap map_lat=&#8221;48.8400096&#8243; map_long=&#8221;2.7880329&#8243; map_address=&#8221;Nos Bureaux &#8211; Serris&#8221;][\/vc_column][vc_column offset=&#8221;vc_col-md-8&#8243;][vc_row_inner css=&#8221;.vc_custom_1456151205880{padding-top: 30px !important;}&#8221;][vc_column_inner offset=&#8221;vc_col-md-4&#8243;][vc_column_text css=&#8221;&#8221;]<\/p>\n<h3 class=\"bold-title\">Contact\u00a0 :<\/h3>\n<p>[\/vc_column_text][\/vc_column_inner][vc_column_inner offset=&#8221;vc_col-md-4&#8243;][vc_column_text css=&#8221;&#8221;]<\/p>\n<h4 class=\"contact-details\">Nos Bureaux<\/h4>\n<ul class=\"contact-details\">\n<li><a href=\"https:\/\/www.google.com\/maps\/place\/1+Bd+Micha%C4%93l+Faraday,+77700+Serris,+Fran%C5%A3a\/@48.8400096,2.7880329,17z\/data=!3m1!4b1!4m6!3m5!1s0x47e603232a81de6b:0x58225642f448493!8m2!3d48.8400096!4d2.7906078!16s%2Fg%2F11wpzffh3q?entry=ttu&amp;g_ep=EgoyMDI0MTIxMC4wIKXMDSoASAFQAw%3D%3D\">1, Boulevard Michel Faraday, 77700 Serris, France<\/a><\/li>\n<li><a href=\"tel: +33 6 99 62 85 29\">+33 1 64 18 05 24<\/a><\/li>\n<li><a href=\"mailto:info@edifice.paris\">info@edifice.paris<\/a><\/li>\n<\/ul>\n<p>[\/vc_column_text][\/vc_column_inner][vc_column_inner offset=&#8221;vc_col-md-4&#8243;][\/vc_column_inner][\/vc_row_inner][vc_row_inner][vc_column_inner]\n<div class=\"wpcf7 no-js\" id=\"wpcf7-f5-o1\" lang=\"en-US\" dir=\"ltr\" data-wpcf7-id=\"5\">\n<div class=\"screen-reader-response\"><p role=\"status\" aria-live=\"polite\" aria-atomic=\"true\"><\/p> <ul><\/ul><\/div>\n<form action=\"\/index.php\/wp-json\/wp\/v2\/pages\/172#wpcf7-f5-o1\" method=\"post\" class=\"wpcf7-form init\" aria-label=\"Contact form\" novalidate=\"novalidate\" data-status=\"init\">\n<fieldset class=\"hidden-fields-container\"><input type=\"hidden\" name=\"_wpcf7\" value=\"5\" \/><input type=\"hidden\" name=\"_wpcf7_version\" value=\"6.1.4\" \/><input type=\"hidden\" name=\"_wpcf7_locale\" value=\"en_US\" \/><input type=\"hidden\" name=\"_wpcf7_unit_tag\" value=\"wpcf7-f5-o1\" \/><input type=\"hidden\" name=\"_wpcf7_container_post\" value=\"0\" \/><input type=\"hidden\" name=\"_wpcf7_posted_data_hash\" value=\"\" \/><input type=\"hidden\" name=\"_wpcf7_recaptcha_response\" value=\"\" \/>\n<\/fieldset>\n<div class=\"contact-form-holder\">\n\t<div id=\"contact-form\">\n\t\t<p><span class=\"wpcf7-form-control-wrap\" data-name=\"your-name\"><input size=\"40\" maxlength=\"400\" class=\"wpcf7-form-control wpcf7-text wpcf7-validates-as-required\" aria-required=\"true\" aria-invalid=\"false\" placeholder=\"Nom\" value=\"\" type=\"text\" name=\"your-name\" \/><\/span><br \/>\n<span class=\"wpcf7-form-control-wrap\" data-name=\"your-email\"><input size=\"40\" maxlength=\"400\" class=\"wpcf7-form-control wpcf7-email wpcf7-validates-as-required wpcf7-text wpcf7-validates-as-email\" aria-required=\"true\" aria-invalid=\"false\" placeholder=\"Courriel\" value=\"\" type=\"email\" name=\"your-email\" \/><\/span><br \/>\n<span class=\"wpcf7-form-control-wrap\" data-name=\"your-message\"><textarea cols=\"40\" rows=\"10\" maxlength=\"2000\" class=\"wpcf7-form-control wpcf7-textarea wpcf7-validates-as-required\" aria-required=\"true\" aria-invalid=\"false\" placeholder=\"Message\" name=\"your-message\"><\/textarea><\/span><br \/>\n<input class=\"wpcf7-form-control wpcf7-submit has-spinner\" id=\"submit\" type=\"submit\" value=\"Envoyer le message\" \/>\n\t\t<\/p>\n\t<\/div>\n<\/div>\n<div class=\"clearfix\">\n<\/div><div class=\"wpcf7-response-output\" aria-hidden=\"true\"><\/div>\n<\/form>\n<\/div>\n[\/vc_column_inner][\/vc_row_inner][\/vc_column][\/vc_row]<\/p>\n","protected":false},"excerpt":{"rendered":"<p>[vc_row cth_layout=&#8221;monolit_page_sec&#8221;][vc_column offset=&#8221;vc_col-md-8&#8243;][vc_column_text css=&#8221;&#8221;] Ou nous trouver Vous avez un projet de r\u00e9novation ou des questions sur nos services ? Notre \u00e9quipe d\u2019experts est \u00e0 votre \u00e9coute pour vous accompagner \u00e0 chaque \u00e9tape. N\u2019h\u00e9sitez pas \u00e0 nous contacter pour discuter de vos besoins, obtenir un devis personnalis\u00e9, ou simplement en savoir plus sur nos solutions. [&hellip;]<\/p>\n","protected":false},"author":1,"featured_media":0,"parent":0,"menu_order":0,"comment_status":"closed","ping_status":"closed","template":"page-fullwidth.php","meta":{"footnotes":""},"class_list":["post-172","page","type-page","status-publish","hentry"],"_links":{"self":[{"href":"https:\/\/www.edifice.paris\/index.php\/wp-json\/wp\/v2\/pages\/172","targetHints":{"allow":["GET"]}}],"collection":[{"href":"https:\/\/www.edifice.paris\/index.php\/wp-json\/wp\/v2\/pages"}],"about":[{"href":"https:\/\/www.edifice.paris\/index.php\/wp-json\/wp\/v2\/types\/page"}],"author":[{"embeddable":true,"href":"https:\/\/www.edifice.paris\/index.php\/wp-json\/wp\/v2\/users\/1"}],"replies":[{"embeddable":true,"href":"https:\/\/www.edifice.paris\/index.php\/wp-json\/wp\/v2\/comments?post=172"}],"version-history":[{"count":9,"href":"https:\/\/www.edifice.paris\/index.php\/wp-json\/wp\/v2\/pages\/172\/revisions"}],"predecessor-version":[{"id":938,"href":"https:\/\/www.edifice.paris\/index.php\/wp-json\/wp\/v2\/pages\/172\/revisions\/938"}],"wp:attachment":[{"href":"https:\/\/www.edifice.paris\/index.php\/wp-json\/wp\/v2\/media?parent=172"}],"curies":[{"name":"wp","href":"https:\/\/api.w.org\/{rel}","templated":true}]}}