{"id":380,"date":"2016-03-08T10:29:27","date_gmt":"2016-03-08T10:29:27","guid":{"rendered":"http:\/\/149.28.205.167\/wps\/monolit\/?page_id=380"},"modified":"2024-12-19T20:39:29","modified_gmt":"2024-12-19T19:39:29","slug":"home-slideshow","status":"publish","type":"page","link":"https:\/\/www.edifice.paris\/","title":{"rendered":"Accueil"},"content":{"rendered":"<p>[vc_row full_width=&#8221;stretch_row&#8221; cth_layout=&#8221;monolit_fullheight_sec&#8221;][vc_column css=&#8221;.vc_custom_1455730804223{padding-right: 0px !important;padding-left: 0px !important;}&#8221;][monolit_home_slideshow slideimgs=&#8221;896,892,886,885,875&#8243;]<\/p>\n<h2 style=\"text-align: center;\">La r\u00e9ponse professionnelle \u00e0 vos projets<\/h2>\n<h3><\/h3>\n<p>[\/monolit_home_slideshow][\/vc_column][\/vc_row][vc_row cth_layout=&#8221;monolit_page_sec&#8221; sec_number=&#8221;01&#8243; el_id=&#8221;sec1&#8243;][vc_column offset=&#8221;vc_col-md-4&#8243;][monolit_carousel_slider_multiimgs slideimages=&#8221;921,918,898&#8243;][\/vc_column][vc_column offset=&#8221;vc_col-md-8&#8243;][vc_column_text css=&#8221;&#8221;]<\/p>\n<h2 class=\"section-title\">Qui sommes-nous ?<\/h2>\n<p>Chez Edifice, nous sommes bien plus qu\u2019une entreprise de r\u00e9novation g\u00e9n\u00e9rale : nous sommes des artisans de confiance, sp\u00e9cialis\u00e9s dans la transformation d\u2019espaces avec expertise et pr\u00e9cision. Forts d\u2019une exp\u00e9rience solide dans le secteur, nous intervenons pour concr\u00e9tiser vos projets, qu\u2019il s\u2019agisse de r\u00e9novations compl\u00e8tes, de mises aux normes ou d\u2019am\u00e9nagements sur mesure.<\/p>\n<p>Notre mission est de vous offrir des solutions durables et adapt\u00e9es \u00e0 vos besoins, en combinant savoir-faire technique, mat\u00e9riaux de qualit\u00e9 et respect des d\u00e9lais. Chaque projet est pour nous une opportunit\u00e9 de b\u00e2tir une relation de confiance avec nos clients, en pla\u00e7ant l\u2019\u00e9coute et l\u2019excellence au c\u0153ur de nos r\u00e9alisations.<\/p>\n<p>Edifice, c\u2019est l\u2019engagement d\u2019un partenaire fiable pour faire de vos espaces des lieux qui vous ressemblent.<\/p>\n<div class=\"process-box\">\n<h3>Le savoir-faire d&#8217;Edifice<\/h3>\n<ul class=\"creat-list\">\n<li><a href=\"#\">Analyse et conception personnalis\u00e9e<\/a><\/li>\n<li><a href=\"#\">Design &amp; Planification<\/a><\/li>\n<li><a href=\"#\">R\u00e9alisation et livraison cl\u00e9s en main<\/a><\/li>\n<\/ul>\n<\/div>\n<div><a class=\"btn anim-button fl-l\" href=\"https:\/\/www.edifice.paris\/index.php\/portefeuille\/\"><span class=\"no-rep\">Voir portefeuille<\/span><i class=\"fa fa-long-arrow-right\"><\/i><\/a><\/div>\n<p>[\/vc_column_text][\/vc_column][\/vc_row][vc_row][vc_column][\/vc_column][\/vc_row][vc_row cth_layout=&#8221;monolit_page_sec&#8221; sec_number=&#8221;02&#8243;][vc_column offset=&#8221;vc_col-md-8&#8243;][vc_empty_space height=&#8221;70&#8243;][vc_empty_space height=&#8221;70&#8243;][vc_column_text css=&#8221;&#8221;]<\/p>\n<h2 class=\"section-title\"><strong>R\u00eavez, <\/strong>on s&#8217;occupe de<strong> r\u00e9nover<\/strong><\/h2>\n<p>Edifice, c\u2019est l\u2019engagement d\u2019un partenaire fiable pour faire de vos espaces des lieux qui vous ressemblent.<br \/>\nPr\u00eat \u00e0 transformer vos espaces en un lieu alliant style, confort et fonctionnalit\u00e9 ? La r\u00e9novation d\u2019un bien n\u00e9cessite un savoir-faire technique et cr\u00e9atif. Chez <strong>Edifice<\/strong>, nous mettons notre expertise au service de vos projets, qu\u2019il s\u2019agisse de r\u00e9nover un appartement moderne, un ancien immeuble ou un local professionnel. Que vous souhaitiez redonner vie \u00e0 votre investissement immobilier ou am\u00e9liorer votre cadre de vie, notre \u00e9quipe d\u2019experts en peinture, plomberie, \u00e9lectricit\u00e9, menuiserie et bien d\u2019autres domaines est l\u00e0 pour r\u00e9aliser vos r\u00eaves. \u00c9conomisez du temps et optez pour une r\u00e9novation sur mesure, r\u00e9alis\u00e9e avec soin et qualit\u00e9, pour un r\u00e9sultat \u00e0 la hauteur de vos attentes.[\/vc_column_text][vc_row_inner][vc_column_inner][\/vc_column_inner][\/vc_row_inner][\/vc_column][\/vc_row][vc_row][vc_column][vc_row_inner][vc_column_inner][\/vc_column_inner][\/vc_row_inner][\/vc_column][\/vc_row][vc_row cth_layout=&#8221;monolit_page_sec&#8221; sec_number=&#8221;03&#8243; el_id=&#8221;sec3&#8243;][vc_column offset=&#8221;vc_col-md-8&#8243; el_id=&#8221;sec3&#8243;]<div class=\"ult-spacer spacer-6a02633132d67\" data-id=\"6a02633132d67\" data-height=\"50\" data-height-mobile=\"50\" data-height-tab=\"50\" data-height-tab-portrait=\"\" data-height-mobile-landscape=\"\" style=\"clear:both;display:block;\"><\/div>[vc_column_text css=&#8221;&#8221;]<\/p>\n<h2 class=\"section-title\">Partenaires et clients<\/h2>\n<p>[\/vc_column_text]<div class=\"ult-spacer spacer-6a02633132d78\" data-id=\"6a02633132d78\" data-height=\"10\" data-height-mobile=\"10\" data-height-tab=\"10\" data-height-tab-portrait=\"\" data-height-mobile-landscape=\"\" style=\"clear:both;display:block;\"><\/div>[vc_empty_space height=&#8221;70&#8243;][monolit_our_partners partnerimgs=&#8221;830,844,840,833,836&#8243;][\/monolit_our_partners][vc_empty_space height=&#8221;70&#8243;][\/vc_column][\/vc_row]<\/p>\n","protected":false},"excerpt":{"rendered":"<p>[vc_row full_width=&#8221;stretch_row&#8221; cth_layout=&#8221;monolit_fullheight_sec&#8221;][vc_column css=&#8221;.vc_custom_1455730804223{padding-right: 0px !important;padding-left: 0px !important;}&#8221;][monolit_home_slideshow slideimgs=&#8221;896,892,886,885,875&#8243;] La r\u00e9ponse professionnelle \u00e0 vos projets [\/monolit_home_slideshow][\/vc_column][\/vc_row][vc_row cth_layout=&#8221;monolit_page_sec&#8221; sec_number=&#8221;01&#8243; el_id=&#8221;sec1&#8243;][vc_column offset=&#8221;vc_col-md-4&#8243;][monolit_carousel_slider_multiimgs slideimages=&#8221;921,918,898&#8243;][\/vc_column][vc_column offset=&#8221;vc_col-md-8&#8243;][vc_column_text css=&#8221;&#8221;] Qui sommes-nous ? Chez Edifice, nous sommes bien plus qu\u2019une entreprise de r\u00e9novation g\u00e9n\u00e9rale : nous sommes des artisans de confiance, sp\u00e9cialis\u00e9s dans la transformation d\u2019espaces avec expertise et pr\u00e9cision. Forts d\u2019une [&hellip;]<\/p>\n","protected":false},"author":1,"featured_media":0,"parent":172,"menu_order":0,"comment_status":"closed","ping_status":"closed","template":"redux-templates_contained","meta":{"footnotes":""},"class_list":["post-380","page","type-page","status-publish","hentry"],"_links":{"self":[{"href":"https:\/\/www.edifice.paris\/index.php\/wp-json\/wp\/v2\/pages\/380","targetHints":{"allow":["GET"]}}],"collection":[{"href":"https:\/\/www.edifice.paris\/index.php\/wp-json\/wp\/v2\/pages"}],"about":[{"href":"https:\/\/www.edifice.paris\/index.php\/wp-json\/wp\/v2\/types\/page"}],"author":[{"embeddable":true,"href":"https:\/\/www.edifice.paris\/index.php\/wp-json\/wp\/v2\/users\/1"}],"replies":[{"embeddable":true,"href":"https:\/\/www.edifice.paris\/index.php\/wp-json\/wp\/v2\/comments?post=380"}],"version-history":[{"count":102,"href":"https:\/\/www.edifice.paris\/index.php\/wp-json\/wp\/v2\/pages\/380\/revisions"}],"predecessor-version":[{"id":936,"href":"https:\/\/www.edifice.paris\/index.php\/wp-json\/wp\/v2\/pages\/380\/revisions\/936"}],"up":[{"embeddable":true,"href":"https:\/\/www.edifice.paris\/index.php\/wp-json\/wp\/v2\/pages\/172"}],"wp:attachment":[{"href":"https:\/\/www.edifice.paris\/index.php\/wp-json\/wp\/v2\/media?parent=380"}],"curies":[{"name":"wp","href":"https:\/\/api.w.org\/{rel}","templated":true}]}}